{"id":1782,"date":"2024-03-20T09:43:43","date_gmt":"2024-03-20T09:43:43","guid":{"rendered":"https:\/\/www.batetreshyn.com\/?page_id=1782"},"modified":"2025-06-05T09:43:24","modified_gmt":"2025-06-05T09:43:24","slug":"services-pu-ciment","status":"publish","type":"page","link":"https:\/\/www.batreshyn.fr\/index.php\/services-pu-ciment\/","title":{"rendered":"Services &#8211; PU Ciment"},"content":{"rendered":"\t\t<div data-elementor-type=\"wp-page\" data-elementor-id=\"1782\" class=\"elementor elementor-1782\" data-elementor-post-type=\"page\">\n\t\t\t\t\t\t<section class=\"elementor-section elementor-top-section elementor-element elementor-element-5e7d3eb elementor-section-full_width elementor-hidden-mobile elementor-section-height-default elementor-section-height-default\" data-id=\"5e7d3eb\" data-element_type=\"section\" data-settings=\"{&quot;background_background&quot;:&quot;classic&quot;}\">\r\n\t\t\t\t\t\t<div class=\"elementor-container elementor-column-gap-no\"><div class=\"elementor-row\">\r\n\t\t\t\t\t<div class=\"elementor-column elementor-col-100 elementor-top-column elementor-element elementor-element-9778d93\" data-id=\"9778d93\" data-element_type=\"column\">\n\t\t\t<div class=\"elementor-widget-wrap elementor-element-populated\">\n\t\t\t\t\t\t<section class=\"elementor-section elementor-inner-section elementor-element elementor-element-9d517cd elementor-section-boxed elementor-section-height-default elementor-section-height-default\" data-id=\"9d517cd\" data-element_type=\"section\" data-settings=\"{&quot;background_background&quot;:&quot;classic&quot;}\">\r\n\t\t\t\t\t\t<div class=\"elementor-container elementor-column-gap-no\"><div class=\"elementor-row\">\r\n\t\t\t\t\t<div class=\"elementor-column elementor-col-100 elementor-inner-column elementor-element elementor-element-a324bcc\" data-id=\"a324bcc\" data-element_type=\"column\">\n\t\t\t<div class=\"elementor-widget-wrap elementor-element-populated\">\n\t\t\t\t\t\t<div class=\"elementor-element elementor-element-5fbd10e flex-horizontal-align-default flex-horizontal-align-tablet-default flex-horizontal-align-mobile-default flex-vertical-align-default flex-vertical-align-tablet-default flex-vertical-align-mobile-default elementor-widget elementor-widget-image\" data-id=\"5fbd10e\" data-element_type=\"widget\" data-widget_type=\"image.default\">\n\t\t\t\t<div class=\"elementor-widget-container\">\n\t\t\t\t\t\t\t\t\t\t\t\t\t\t\t<img fetchpriority=\"high\" width=\"766\" height=\"731\" src=\"https:\/\/www.batreshyn.fr\/wp-content\/uploads\/2025\/06\/PU-Ciment-766x731.jpg\" class=\"attachment-thegem-custom-product-categories size-thegem-custom-product-categories wp-image-5235\" alt=\"\" \/>\t\t\t\t\t\t\t\t\t\t\t\t\t\t\t<\/div>\n\t\t\t\t<\/div>\n\t\t\t\t\t<\/div>\n\t\t<\/div>\n\t\t\t\t\t<\/div><\/div>\r\n\t\t<\/section>\r\n\t\t\t\t<section class=\"elementor-section elementor-inner-section elementor-element elementor-element-21d45f0 elementor-section-boxed elementor-section-height-default elementor-section-height-default\" data-id=\"21d45f0\" data-element_type=\"section\" data-settings=\"{&quot;background_background&quot;:&quot;classic&quot;}\">\r\n\t\t\t\t\t\t<div class=\"elementor-container elementor-column-gap-no\"><div class=\"elementor-row\">\r\n\t\t\t\t\t<div class=\"elementor-column elementor-col-33 elementor-inner-column elementor-element elementor-element-516c2d3\" data-id=\"516c2d3\" data-element_type=\"column\" data-settings=\"{&quot;background_background&quot;:&quot;classic&quot;}\">\n\t\t\t<div class=\"elementor-widget-wrap\">\n\t\t\t\t\t\t\t<\/div>\n\t\t<\/div>\n\t\t\t\t<div class=\"elementor-column elementor-col-66 elementor-inner-column elementor-element elementor-element-ac54fbf\" data-id=\"ac54fbf\" data-element_type=\"column\" data-settings=\"{&quot;background_background&quot;:&quot;classic&quot;}\">\n\t\t\t<div class=\"elementor-widget-wrap elementor-element-populated\">\n\t\t\t\t\t\t<div class=\"elementor-element elementor-element-e49b026 flex-horizontal-align-default flex-horizontal-align-tablet-default flex-horizontal-align-mobile-default flex-vertical-align-default flex-vertical-align-tablet-default flex-vertical-align-mobile-default elementor-widget elementor-widget-text-editor\" data-id=\"e49b026\" data-element_type=\"widget\" data-widget_type=\"text-editor.default\">\n\t\t\t\t<div class=\"elementor-widget-container\">\n\t\t\t\t\t\t\t\t\t\t\t\t<div class=\"elementor-text-editor elementor-clearfix\">\r\n\t\t\t\t\t\t<h2 class=\"title-h2\"><span style=\"color: #398a62;\">pu ciment<\/span><\/h2>\t\t\t\t\t\t\t<\/div>\r\n\t\t\t\t\t\t\t\t\t\t<\/div>\n\t\t\t\t<\/div>\n\t\t\t\t\t<\/div>\n\t\t<\/div>\n\t\t\t\t\t<\/div><\/div>\r\n\t\t<\/section>\r\n\t\t\t\t\t<\/div>\n\t\t<\/div>\n\t\t\t\t\t<\/div><\/div>\r\n\t\t<\/section>\r\n\t\t\t\t<section class=\"elementor-section elementor-top-section elementor-element elementor-element-24dc896e elementor-hidden-mobile elementor-section-boxed elementor-section-height-default elementor-section-height-default\" data-id=\"24dc896e\" data-element_type=\"section\">\r\n\t\t\t\t\t\t<div class=\"elementor-container elementor-column-gap-thegem\"><div class=\"elementor-row\">\r\n\t\t\t\t\t<div class=\"elementor-column elementor-col-100 elementor-top-column elementor-element elementor-element-4640839f\" data-id=\"4640839f\" data-element_type=\"column\">\n\t\t\t<div class=\"elementor-widget-wrap elementor-element-populated\">\n\t\t\t\t\t\t<div class=\"elementor-element elementor-element-b15a5c2 flex-horizontal-align-default flex-horizontal-align-tablet-default flex-horizontal-align-mobile-default flex-vertical-align-default flex-vertical-align-tablet-default flex-vertical-align-mobile-default elementor-widget elementor-widget-text-editor\" data-id=\"b15a5c2\" data-element_type=\"widget\" data-widget_type=\"text-editor.default\">\n\t\t\t\t<div class=\"elementor-widget-container\">\n\t\t\t\t\t\t\t\t\t\t\t\t<div class=\"elementor-text-editor elementor-clearfix\">\r\n\t\t\t\t\t\t<p><strong>Le polyur\u00e9thane Ciment (PU)<\/strong> est un rev\u00eatement \u00e0 base de ciment avec un aspect uni, il peut \u00eatre lisse ou antid\u00e9rapant et \u00e0 pour particularit\u00e9 de r\u00e9sister au mieux aux variations thermiques de l\u2019environnement o\u00f9 il se trouve.<\/p><p>Il est parfaitement adapt\u00e9 aux secteurs agroalimentaire, pharmaceutique ou usine \u00e0 forte utilisation de produits chimiques. Les r\u00e9sines de sol en PU Ciment constituent la famille la plus proche des acryliques, en termes d\u2019application principalement dans l\u2019agroalimentaire.<\/p><p>Toutefois, leurs usages sont beaucoup plus larges, puisqu\u2019on peut les employer en process sec ou humide, et en locaux temp\u00e9r\u00e9s ou en zones froides. Leur mise en \u0153uvre est beaucoup plus ais\u00e9e et rapide que celle des acryliques. Leur gamme de coloris est aussi beaucoup plus d\u00e9velopp\u00e9e. Ces nombreux atouts en font une solution couramment employ\u00e9e.<\/p><p>Cette famille est n\u00e9e, comme son nom l\u2019indique, de l\u2019id\u00e9e de m\u00e9langer une base de r\u00e9sine polyur\u00e9thane avec un liant ciment, pour atteindre un excellent compromis entre la souplesse du polyur\u00e9thane, et la r\u00e9sistance chimique et m\u00e9canique du ciment.<\/p><p>Les formulations PU Ciment sont diverses et se travaillent en syst\u00e8mes filmog\u00e8ne, autonivelant ou mortier.<\/p><p>Les PU Ciment se caract\u00e9risent par une grande facilit\u00e9 d\u2019application, une tr\u00e8s bonne r\u00e9sistance m\u00e9canique, chimique et thermique, notamment pour une large plage de produits acides. Les PU Ciment sont adapt\u00e9s pour des temp\u00e9ratures hautes en continu, et pour des chocs thermiques, selon l\u2019\u00e9paisseur choisie.<\/p><p>Une remise rapide en service est \u00e9galement possible (entre 24h pour du trafic moyen, \u00e0 48h pour du trafic lourd). Cette r\u00e9sine consid\u00e9r\u00e9e saine permet une application en milieu agroalimentaire sans risque de contamination, et elle est tr\u00e8s tol\u00e9rante \u00e0 l\u2019humidit\u00e9 permanente.<\/p>\t\t\t\t\t\t\t<\/div>\r\n\t\t\t\t\t\t\t\t\t\t<\/div>\n\t\t\t\t<\/div>\n\t\t\t\t<div class=\"elementor-element elementor-element-783912b elementor-align-center flex-horizontal-align-default flex-horizontal-align-tablet-default flex-horizontal-align-mobile-default flex-vertical-align-default flex-vertical-align-tablet-default flex-vertical-align-mobile-default elementor-widget elementor-widget-button\" data-id=\"783912b\" data-element_type=\"widget\" data-widget_type=\"button.default\">\n\t\t\t\t<div class=\"elementor-widget-container\">\n\t\t\t\t\t\t\t\t\t<div class=\"elementor-button-wrapper\">\n\t\t\t\t\t<a class=\"elementor-button elementor-button-link elementor-size-sm\" href=\"https:\/\/www.batetreshyn.com\/index.php\/contact\/\">\n\t\t\t\t\t\t<span class=\"elementor-button-content-wrapper\">\n\t\t\t\t\t\t\t\t\t<span class=\"elementor-button-text\">NOUS CONTACTER<\/span>\n\t\t\t\t\t<\/span>\n\t\t\t\t\t<\/a>\n\t\t\t\t<\/div>\n\t\t\t\t\t\t\t\t<\/div>\n\t\t\t\t<\/div>\n\t\t\t\t\t<\/div>\n\t\t<\/div>\n\t\t\t\t\t<\/div><\/div>\r\n\t\t<\/section>\r\n\t\t\t\t<\/div>\n\t\t","protected":false},"excerpt":{"rendered":"<p>pu ciment Le polyur\u00e9thane Ciment (PU) est un rev\u00eatement \u00e0 base de ciment avec un aspect uni, il peut \u00eatre&#8230;<\/p>\n","protected":false},"author":2,"featured_media":0,"parent":0,"menu_order":0,"comment_status":"closed","ping_status":"closed","template":"page-fullwidth.php","meta":{"inline_featured_image":false,"footnotes":""},"class_list":["post-1782","page","type-page","status-publish"],"_links":{"self":[{"href":"https:\/\/www.batreshyn.fr\/index.php\/wp-json\/wp\/v2\/pages\/1782","targetHints":{"allow":["GET"]}}],"collection":[{"href":"https:\/\/www.batreshyn.fr\/index.php\/wp-json\/wp\/v2\/pages"}],"about":[{"href":"https:\/\/www.batreshyn.fr\/index.php\/wp-json\/wp\/v2\/types\/page"}],"author":[{"embeddable":true,"href":"https:\/\/www.batreshyn.fr\/index.php\/wp-json\/wp\/v2\/users\/2"}],"replies":[{"embeddable":true,"href":"https:\/\/www.batreshyn.fr\/index.php\/wp-json\/wp\/v2\/comments?post=1782"}],"version-history":[{"count":31,"href":"https:\/\/www.batreshyn.fr\/index.php\/wp-json\/wp\/v2\/pages\/1782\/revisions"}],"predecessor-version":[{"id":5241,"href":"https:\/\/www.batreshyn.fr\/index.php\/wp-json\/wp\/v2\/pages\/1782\/revisions\/5241"}],"wp:attachment":[{"href":"https:\/\/www.batreshyn.fr\/index.php\/wp-json\/wp\/v2\/media?parent=1782"}],"curies":[{"name":"wp","href":"https:\/\/api.w.org\/{rel}","templated":true}]}}